{"id":12,"date":"2014-03-26T14:25:03","date_gmt":"2014-03-26T14:25:03","guid":{"rendered":"http:\/\/www.implantcoclear.cat\/blog\/?page_id=12"},"modified":"2025-02-05T13:34:18","modified_gmt":"2025-02-05T12:34:18","slug":"aice","status":"publish","type":"page","link":"https:\/\/www.implantcoclear.cat\/?page_id=12","title":{"rendered":"AICE"},"content":{"rendered":"<p><strong><span style=\"font-family: arial,helvetica,sans-serif;\">Qu\u00e8 \u00e9s la Federaci\u00f3 AICE?<\/span><\/strong><\/p>\n<p><span style=\"font-family: arial,helvetica,sans-serif;\">La Federaci\u00f3 AICE \u00e9s la Federaci\u00f3 d&#8217;Associaci\u00f3 d\u2019Usuaris de l\u2019Implant Coclear en Espanya. Els seus objectius principals s\u00f3n la divulgaci\u00f3 ver\u00eddica de la informaci\u00f3 sobre l\u2019I.C. en tots els aspectes i la defensa dels interessos dels propis implantats. T\u00e9 la seva seu social a Barcelona ciutat.<\/span><\/p>\n<p><a href=\"http:\/\/www.implantcoclear.cat\/wp-content\/uploads\/2022\/04\/RESOLUCIO_GRUPS_INTERES.pdf\" target=\"_blank\" rel=\"noopener\">Som Grup d&#8217;Inter\u00e9s de la Generalitat de Catalunya amb el n\u00ba 1974<\/a><\/p>\n<p><strong><span style=\"font-family: arial,helvetica,sans-serif;\">On ens podeu trobar?<\/span><\/strong><\/p>\n<p><span style=\"font-family: arial,helvetica,sans-serif;\">Al carrer de Fern\u00e0ndez Dur\u00f3, n\u00ba 24, al barri de Sants de Barcelona. O b\u00e9 a la nostra p\u00e0gina web: <a href=\"http:\/\/www.implantecoclear.org\" target=\"_blank\" rel=\"noopener\">www.implantecoclear.org<\/a><\/span><\/p>\n<p><span style=\"font-family: arial,helvetica,sans-serif;\">Tel\u00e8fon\/ Fax 93.331.74.75<\/span><br \/>\n<span style=\"font-family: arial,helvetica,sans-serif;\"> E-mail: aice@implantecoclear.org<\/span><\/p>\n<p><span style=\"font-family: arial,helvetica,sans-serif;\"><img decoding=\"async\" src=\"http:\/\/www.implantcoclear.cat\/img\/planoaice.jpg\" alt=\"\" \/><\/span><\/p>\n<p><strong>Qu\u00e8 he de fer per inscriure&#8217;m?<\/strong><\/p>\n<p>Per inscriure&#8217;t nom\u00e9s has d&#8217;omplir el formulari que trobar\u00e0s a l&#8217;enlla\u00e7 que hi ha sota d&#8217;aquestes l\u00ednies i enviar-nos-el ja sigui per fax,\u00a0 correu convencional o electr\u00f2nic a l&#8217;adre\u00e7a que figura al mateix formulari.<\/p>\n<table style=\"height: 65px;\" width=\"273\" align=\"center\">\n<tbody>\n<tr>\n<td align=\"right\" width=\"30%\"><a href=\"https:\/\/www.implantcoclear.cat\/wp-content\/uploads\/2025\/02\/fitxa_inscripcio_AICE_2025.pdf\" target=\"_blank\" rel=\"noopener\"><img loading=\"lazy\" decoding=\"async\" src=\"http:\/\/www.implantcoclear.cat\/img\/pdf-icon.gif\" alt=\"\" width=\"50\" height=\"50\" border=\"0\" \/><\/a><\/td>\n<td align=\"left\"><a href=\"https:\/\/www.implantcoclear.cat\/wp-content\/uploads\/2025\/02\/fitxa_inscripcio_AICE_2025.pdf\" target=\"_blank\" rel=\"noopener\"><b>formulari d&#8217;inscripci\u00f3<\/b><\/a><\/td>\n<\/tr>\n<\/tbody>\n<\/table>\n<p><strong><span style=\"font-family: arial,helvetica,sans-serif;\">Per qui est\u00e0 formada?<\/span><\/strong><\/p>\n<ul>\n<li><span style=\"font-family: arial,helvetica,sans-serif;\">Per implantats joves i adults<\/span><\/li>\n<li><span style=\"font-family: arial,helvetica,sans-serif;\">Per les fam\u00edlies amb nens usuaris d\u2019I.C.<\/span><\/li>\n<li><span style=\"font-family: arial,helvetica,sans-serif;\">Per professionals<\/span><\/li>\n<\/ul>\n<p><strong><span style=\"font-family: arial,helvetica,sans-serif;\">Quins serveis oferim?<\/span><\/strong><\/p>\n<ul>\n<li><span style=\"font-family: arial,helvetica,sans-serif;\">Assessorament<\/span><\/li>\n<li><span style=\"font-family: arial,helvetica,sans-serif;\">Difusi\u00f3 i divulgaci\u00f3 (Revista Integraci\u00f3n)<\/span><\/li>\n<li><span style=\"font-family: arial,helvetica,sans-serif;\">Defensa de les necessitats del col\u00b7lectiu<\/span><\/li>\n<li><span style=\"font-family: arial,helvetica,sans-serif;\">Serveis a socis<\/span><\/li>\n<li><span style=\"font-family: arial,helvetica,sans-serif;\">Material de rehabilitaci\u00f3<\/span><\/li>\n<li><span style=\"font-family: arial,helvetica,sans-serif;\">Biblioteca de consulta sobre l\u2019I.C.<\/span><\/li>\n<li><span style=\"font-family: arial,helvetica,sans-serif;\">Promou treballs d\u2019investigaci\u00f3<\/span><\/li>\n<li><span style=\"font-family: arial,helvetica,sans-serif;\">Eliminaci\u00f3 de barreres de la comunicaci\u00f3<\/span><\/li>\n<li><span style=\"font-family: arial,helvetica,sans-serif;\">Trobades d\u2019usuaris d\u2019I.C.<\/span><\/li>\n<li><span style=\"font-family: arial,helvetica,sans-serif;\">Formaci\u00f3 a fam\u00edlies i a professionals<\/span><\/li>\n<\/ul>\n<p style=\"text-align: left;\"><strong><span style=\"font-family: arial,helvetica,sans-serif;\">Serveis per als socis<\/span><\/strong><\/p>\n<p align=\"center\"><span style=\"text-decoration: underline; font-family: arial,helvetica,sans-serif;\"><strong>Llibres editats per AICE<\/strong><\/span><\/p>\n<table border=\"0\">\n<tbody>\n<tr>\n<td><img loading=\"lazy\" decoding=\"async\" class=\"alignnone wp-image-1734\" src=\"http:\/\/www.implantcoclear.cat\/wp-content\/uploads\/2014\/03\/Portada_SORDOCEGUERA-211x300.jpg\" alt=\"sordoceguera (5).pdf\" width=\"150\" height=\"214\" srcset=\"https:\/\/www.implantcoclear.cat\/wp-content\/uploads\/2014\/03\/Portada_SORDOCEGUERA-211x300.jpg 211w, https:\/\/www.implantcoclear.cat\/wp-content\/uploads\/2014\/03\/Portada_SORDOCEGUERA-719x1024.jpg 719w, https:\/\/www.implantcoclear.cat\/wp-content\/uploads\/2014\/03\/Portada_SORDOCEGUERA-39x55.jpg 39w\" sizes=\"(max-width: 150px) 100vw, 150px\" \/><\/td>\n<td><span style=\"font-family: arial,helvetica,sans-serif;\"><i><strong>La sordoceguera y el Implante Coclear.<\/strong><\/i> Ma. Teresa Amat. Editat per la Federaci\u00f3 AICE <\/span><span style=\"font-family: arial,helvetica,sans-serif;\">ISBN: 84-616-0909-3.<br \/>\n<\/span><\/td>\n<\/tr>\n<tr>\n<td><img loading=\"lazy\" decoding=\"async\" class=\"aligncenter wp-image-1733\" src=\"http:\/\/www.implantcoclear.cat\/wp-content\/uploads\/2014\/03\/Portada_Libro-ACOSO-209x300.jpg\" alt=\"\" width=\"150\" height=\"215\" srcset=\"https:\/\/www.implantcoclear.cat\/wp-content\/uploads\/2014\/03\/Portada_Libro-ACOSO-209x300.jpg 209w, https:\/\/www.implantcoclear.cat\/wp-content\/uploads\/2014\/03\/Portada_Libro-ACOSO-715x1024.jpg 715w, https:\/\/www.implantcoclear.cat\/wp-content\/uploads\/2014\/03\/Portada_Libro-ACOSO-38x55.jpg 38w, https:\/\/www.implantcoclear.cat\/wp-content\/uploads\/2014\/03\/Portada_Libro-ACOSO.jpg 1000w\" sizes=\"(max-width: 150px) 100vw, 150px\" \/><\/td>\n<td><span style=\"font-family: arial,helvetica,sans-serif;\"><i><strong>Estudio Acoso Escolar en Implantados Cocleares.<\/strong><\/i> Antonio Rial Boubeta y Laia Zamora Amat. Editat per la Federaci\u00f3 AICE <\/span><span style=\"font-family: arial,helvetica,sans-serif;\">ISBN: 978-84-09-08857-7.<br \/>\n<\/span><\/td>\n<\/tr>\n<tr>\n<td><span style=\"font-family: arial,helvetica,sans-serif;\"><img loading=\"lazy\" decoding=\"async\" src=\"http:\/\/www.implantcoclear.cat\/img\/llibre1.png\" alt=\"\" width=\"150\" height=\"226\" \/><\/span><\/td>\n<td><span style=\"font-family: arial,helvetica,sans-serif;\"><i><strong>Quadern d\u2019exercicis de rehabilitaci\u00f3. Implant Coclear.<\/strong><\/i> Ma. Teresa Amat. Editat per la Federaci\u00f3 AICE<\/span><span style=\"font-family: arial,helvetica,sans-serif;\">ISBN: 84-616-0909-3. Existeix tamb\u00e9 versi\u00f3 en castell\u00e0.<\/span><\/td>\n<\/tr>\n<tr>\n<td><span style=\"font-family: arial,helvetica,sans-serif;\"><img decoding=\"async\" src=\"http:\/\/www.implantcoclear.cat\/img\/llibre3.png\" alt=\"\" \/><\/span><\/td>\n<td><span style=\"font-family: arial,helvetica,sans-serif;\"><i><strong>Implantes cocleares en ni\u00f1os. (Re)Habilitaci\u00f3n auditiva y terapia auditiva verbal.<\/strong><\/i> Hilda M. Furmanski. Editat per AICE, Barcelona 2005.<\/span><span style=\"font-family: arial,helvetica,sans-serif;\">ISBN: 84-607-8015-4.<\/span><\/td>\n<\/tr>\n<tr>\n<td><span style=\"font-family: arial,helvetica,sans-serif;\"><img loading=\"lazy\" decoding=\"async\" src=\"http:\/\/www.implantcoclear.cat\/img\/llibre4.png\" alt=\"\" width=\"150\" height=\"226\" \/><\/span><\/td>\n<td><span style=\"font-family: arial,helvetica,sans-serif;\"><i><strong>Preguntes i respostes sobre l\u2019implant coclear.<\/strong><\/i> Ma. Teresa Amat i col\u00b7laboradores. Editat per AICE amb la col\u00b7laboraci\u00f3 del Departament d&#8217;Educaci\u00f3 de la Generalitat de Catalunya. Barcelona, 2007.<\/span><span style=\"font-family: arial,helvetica,sans-serif;\">ISBN: 978-84-611-9971-6. Existeixen tamb\u00e9 versions en castell\u00e0, angl\u00e8s i franc\u00e8s.<\/span><\/td>\n<\/tr>\n<tr>\n<td><span style=\"font-family: arial,helvetica,sans-serif;\"><img loading=\"lazy\" decoding=\"async\" src=\"http:\/\/www.implantcoclear.cat\/img\/llibre5.jpg\" alt=\"\" width=\"150\" height=\"226\" \/><\/span><\/td>\n<td><span style=\"font-family: arial,helvetica,sans-serif;\"><i><strong>La doc\u00e8ncia i l\u2019implant coclear.<\/strong><\/i> Ma. Teresa Amat. Editat per AICE amb el suport del Departament d\u2019Educaci\u00f3 de la Generalitat de Catalunya. Barcelona, 2010.<\/span><span style=\"font-family: arial,helvetica,sans-serif;\">ISBN: 977-84-613-8385-6. Existeix tamb\u00e9 versi\u00f3 en castell\u00e0.<\/span><\/td>\n<\/tr>\n<tr>\n<td><span style=\"font-family: arial,helvetica,sans-serif;\"><img loading=\"lazy\" decoding=\"async\" src=\"http:\/\/www.implantcoclear.cat\/img\/llibre6.png\" alt=\"\" width=\"150\" height=\"226\" \/><\/span><\/td>\n<td><span style=\"font-family: arial,helvetica,sans-serif;\"><i><strong>Les persones grans i l\u2019implant coclear.<\/strong><\/i> Ma. Teresa Amat. Editat per AICE amb el suport del Departament d&#8217;Educaci\u00f3 de la Generalitat de Catalunya. Barcelona.<\/span><span style=\"font-family: arial,helvetica,sans-serif;\">ISBN: 978-84-614-4819-7. Existeix tamb\u00e9 versi\u00f3 en castell\u00e0.<\/span><\/td>\n<\/tr>\n<tr>\n<td><span style=\"font-family: arial,helvetica,sans-serif;\"><img loading=\"lazy\" decoding=\"async\" src=\"http:\/\/www.implantcoclear.cat\/img\/llibre2.png\" alt=\"\" width=\"150\" height=\"226\" \/><\/span><\/td>\n<td><span style=\"font-family: arial,helvetica,sans-serif;\"><i><strong>El I.C. y entorno escolar. Situaci\u00f3n en diversos pa\u00edses europeos. Conferencias del 2\u00aa Symposium Internacional de EURO-CIU celebrado en Salzburg (\u00c0ustria) 10 d&#8217;abril de 1999.<\/strong><\/i> Recopilat i tradu\u00eft per M. Teresa Amat. Editat per AICE, Barcelona 2001.<\/span><span style=\"font-family: arial,helvetica,sans-serif;\">ISBN: 84-607-3150-2. Existeix tamb\u00e9 versi\u00f3 en franc\u00e8s.<\/span><\/td>\n<\/tr>\n<\/tbody>\n<\/table>\n<p align=\"center\"><span style=\"text-decoration: underline; font-family: arial,helvetica,sans-serif;\"><strong>Subministrament de piles<\/strong><\/span><\/p>\n<p><span style=\"font-family: arial,helvetica,sans-serif;\">Donada la gran despesa que provoquen les piles, des d\u2019AICE es subministren piles als socis que ho requereixen, a preus m\u00e9s baixos que el mercat. S\u2019envien a casa per missatgeria.<\/span><\/p>\n<table style=\"height: 293px;\" border=\"0\" width=\"608\">\n<tbody>\n<tr>\n<td>\n<ul>\n<li style=\"text-align: left;\"><span style=\"font-family: arial,helvetica,sans-serif;\">Piles Zenipower 675 per a l\u2019I.C.<\/span><\/li>\n<\/ul>\n<\/td>\n<td>\u00a0\u00a0<img loading=\"lazy\" decoding=\"async\" class=\"alignright size-medium wp-image-1194\" src=\"http:\/\/www.implantcoclear.cat\/wp-content\/uploads\/2014\/03\/IMG_0899-copia-300x261.jpg\" alt=\"IMG_0899---copia\" width=\"300\" height=\"261\" srcset=\"https:\/\/www.implantcoclear.cat\/wp-content\/uploads\/2014\/03\/IMG_0899-copia-300x261.jpg 300w, https:\/\/www.implantcoclear.cat\/wp-content\/uploads\/2014\/03\/IMG_0899-copia-63x55.jpg 63w, https:\/\/www.implantcoclear.cat\/wp-content\/uploads\/2014\/03\/IMG_0899-copia.jpg 800w\" sizes=\"(max-width: 300px) 100vw, 300px\" \/><\/td>\n<\/tr>\n<\/tbody>\n<\/table>\n<p style=\"text-align: left;\" align=\"center\"><span style=\"text-decoration: underline; font-family: arial,helvetica,sans-serif;\"><strong>Asseguran\u00e7a Seguros Bilbao<\/strong><\/span><\/p>\n<table class=\" alignleft\" border=\"0\">\n<tbody>\n<tr>\n<td><span style=\"font-family: arial,helvetica,sans-serif;\"><img decoding=\"async\" src=\"http:\/\/www.implantcoclear.cat\/img\/bilbao.png\" alt=\"\" \/><\/span><\/td>\n<td><span style=\"font-family: arial,helvetica,sans-serif;\">La Federaci\u00f3 AICE t\u00e9 contractada amb Seguros Bilbao una p\u00f2lissa col\u00b7lectiva d&#8217;accidents i robatoris pels nostres socis on s&#8217;assegura el processador extern de l&#8217;I.C.<\/span><\/td>\n<\/tr>\n<\/tbody>\n<\/table>\n<p style=\"text-align: left;\" align=\"center\"><span style=\"text-decoration: underline; font-family: arial,helvetica,sans-serif;\"><strong>Material de Rehabilitaci\u00f3 \u201cNARDIL\u201d<\/strong><\/span><\/p>\n<table class=\" alignleft\" border=\"0\">\n<tbody>\n<tr>\n<td><span style=\"font-family: arial,helvetica,sans-serif;\">NARDIL, empresa amb diversos anys al servei de l&#8217;educaci\u00f3, fabrica i dissenya materials did\u00e0ctics que suposen eines \u00fatils en el gabinet logop\u00e8dic. T\u00e9 una ampla gama de productes, encara que destaquem els que es centren particularment en les tasques de llenguatge, des de la pre-escritura fins la sem\u00e0ntica, passant per tot el treball d\u2019estructura i expressi\u00f3 oral.<\/span><\/td>\n<td><span style=\"font-family: arial,helvetica,sans-serif;\"><img decoding=\"async\" src=\"http:\/\/www.implantcoclear.cat\/img\/nardil.jpg\" alt=\"\" \/><\/span><\/td>\n<\/tr>\n<\/tbody>\n<\/table>\n<p style=\"text-align: left;\" align=\"center\"><span style=\"text-decoration: underline; font-family: arial,helvetica,sans-serif;\"><strong>Deshumidificador per implant coclear Dry&amp;Store Global<\/strong><\/span><\/p>\n<table class=\" alignleft\" border=\"0\">\n<tbody>\n<tr>\n<td><span style=\"font-family: arial,helvetica,sans-serif;\"><img loading=\"lazy\" decoding=\"async\" class=\"aligncenter size-thumbnail wp-image-254\" src=\"http:\/\/www.implantcoclear.cat\/wp-content\/uploads\/2014\/03\/Nuevo-DryStore-2010-005-150x150.jpg\" alt=\"Nuevo-DryStore-2010-005\" width=\"150\" height=\"150\" srcset=\"https:\/\/www.implantcoclear.cat\/wp-content\/uploads\/2014\/03\/Nuevo-DryStore-2010-005-150x150.jpg 150w, https:\/\/www.implantcoclear.cat\/wp-content\/uploads\/2014\/03\/Nuevo-DryStore-2010-005-56x55.jpg 56w\" sizes=\"(max-width: 150px) 100vw, 150px\" \/><\/span><\/td>\n<td><span style=\"font-family: arial,helvetica,sans-serif;\"><strong>Dry&amp;Store Global II<\/strong><\/span><span style=\"font-family: arial,helvetica,sans-serif;\">Equip antihumitat i desinfectant a trav\u00e9s d\u2019una llum ultraviolada incorporada. Funciona amb una pastilla desecant amb una duraci\u00f3 aproximada de 2 mesos (depenent del clima).<\/span><\/td>\n<\/tr>\n<tr>\n<td><span style=\"font-family: arial,helvetica,sans-serif;\"><img loading=\"lazy\" decoding=\"async\" class=\"aligncenter  wp-image-253\" src=\"http:\/\/www.implantcoclear.cat\/wp-content\/uploads\/2014\/03\/Deshumidificador-010-300x225.jpg\" alt=\"Deshumidificador-010\" width=\"148\" height=\"110\" srcset=\"https:\/\/www.implantcoclear.cat\/wp-content\/uploads\/2014\/03\/Deshumidificador-010-300x225.jpg 300w, https:\/\/www.implantcoclear.cat\/wp-content\/uploads\/2014\/03\/Deshumidificador-010-73x55.jpg 73w, https:\/\/www.implantcoclear.cat\/wp-content\/uploads\/2014\/03\/Deshumidificador-010.jpg 400w\" sizes=\"(max-width: 148px) 100vw, 148px\" \/><\/span><\/td>\n<td><span style=\"font-family: arial,helvetica,sans-serif;\"><strong>Dry&amp;Store Zepnyr<\/strong><\/span><span style=\"font-family: arial,helvetica,sans-serif;\">Equip antihumitat i desinfectant que mant\u00e9 l&#8217;aire a una temperatura constant de 40\u00ba. Funciona amb una pastilla desecant amb una duraci\u00f3 aproximada de 2 mesos (depenent del clima). <strong>Recomanat pel Nucleus 5<\/strong>.<\/span><\/td>\n<\/tr>\n<tr>\n<td><span style=\"font-family: arial,helvetica,sans-serif;\"><img loading=\"lazy\" decoding=\"async\" class=\"aligncenter size-thumbnail wp-image-252\" src=\"http:\/\/www.implantcoclear.cat\/wp-content\/uploads\/2014\/03\/Deshumidificador-006-150x150.jpg\" alt=\"Deshumidificador-006\" width=\"150\" height=\"150\" \/><\/span><\/td>\n<td><span style=\"font-family: arial,helvetica,sans-serif;\"><strong>Drybox Classic d&#8217;Hadeo<\/strong><\/span><span style=\"font-family: arial,helvetica,sans-serif;\">Equip deshumidificador amb control digital autom\u00e0tic de temperatura i temps d&#8217;assecament. De mida redu\u00efda, \u00e9s segur i f\u00e0cil de transportar. El transformador de corrent \u00e9s incl\u00f2s.<\/span><\/td>\n<\/tr>\n<\/tbody>\n<\/table>\n<p style=\"text-align: left;\"><span style=\"font-family: arial,helvetica,sans-serif;\">\u00a0<\/span><\/p>\n<p style=\"text-align: left;\"><strong><span style=\"font-family: arial,helvetica,sans-serif;\">Dec\u00e0leg de la Federaci\u00f3 AICE<\/span><\/strong><\/p>\n<p style=\"padding-left: 30px; text-align: left;\"><span style=\"font-family: arial,helvetica,sans-serif;\">1. Divulgar la t\u00e8cnica de l\u2019I.C.:<\/span><\/p>\n<p style=\"padding-left: 60px; text-align: left;\"><span style=\"font-family: arial,helvetica,sans-serif;\">-&gt; Revista Integraci\u00f3 <\/span><br \/>\n<span style=\"font-family: arial,helvetica,sans-serif;\">-&gt;P\u00e0gina web a Internet: implantcoclear.cat<\/span><br \/>\n<span style=\"font-family: arial,helvetica,sans-serif;\">-&gt; Portal d\u2019Internet en castell\u00e0: <a href=\"http:\/\/www.implantecoclear.org\" target=\"_blank\" rel=\"noopener\">implantecoclear.org<\/a><\/span><span style=\"font-family: arial,helvetica,sans-serif;\">-&gt; Web d\u2019Internet en catal\u00e0: <a href=\"http:\/\/www.implantcoclear.cat\" target=\"_blank\" rel=\"noopener\">implantcoclear.cat<\/a><\/span><span style=\"font-family: arial,helvetica,sans-serif;\">-&gt; Not\u00edcies al Teletext<\/span><br \/>\n<span style=\"font-family: arial,helvetica,sans-serif;\">-&gt; Mitjans de Comunicaci\u00f3<\/span><br \/>\n<span style=\"font-family: arial,helvetica,sans-serif;\">-&gt; Campanyes de sensibilitzaci\u00f3<\/span><\/p>\n<p style=\"padding-left: 30px; text-align: left;\"><span style=\"font-family: arial,helvetica,sans-serif;\">2, Promoure trobades d\u2019usuaris d\u2019I.C.<\/span><\/p>\n<p style=\"padding-left: 60px; text-align: left;\"><span style=\"font-family: arial,helvetica,sans-serif;\">-&gt; Jornada d\u2019intercanvi estatal<br \/>\n-&gt; Jornades a nivell auton\u00f2mic<\/span><\/p>\n<p style=\"padding-left: 30px; text-align: left;\"><span style=\"font-family: arial,helvetica,sans-serif;\">3. Assessorar a sords (pre i pos-locutius), fam\u00edlies i professionals. Assessorar a l\u2019Administraci\u00f3 P\u00fablica<\/span><\/p>\n<p style=\"padding-left: 30px; text-align: left;\"><span style=\"font-family: arial,helvetica,sans-serif;\">4. Col\u00b7laborar amb associacions, fundacions i entitats afins.<\/span><\/p>\n<p style=\"padding-left: 30px; text-align: left;\"><span style=\"font-family: arial,helvetica,sans-serif;\">5. Aconseguir que el manteniment i les actualitzacions del processador extern de l\u2019I.C. siguin una prestaci\u00f3 de la Seguretat Social.<\/span><\/p>\n<p style=\"padding-left: 30px; text-align: left;\"><span style=\"font-family: arial,helvetica,sans-serif;\">6. Obtenir avantatges pels membres:<\/span><\/p>\n<p style=\"padding-left: 60px; text-align: left;\"><span style=\"font-family: arial,helvetica,sans-serif;\">-&gt; Asseguran\u00e7a pel processador<br \/>\n-&gt; Piles a preus competitius<br \/>\n-&gt; Preus especials<\/span><\/p>\n<p style=\"padding-left: 30px; text-align: left;\"><span style=\"font-family: arial,helvetica,sans-serif;\">7. Promoure treballs d\u2019investigaci\u00f3 i elaborar material de rehabilitaci\u00f3.<\/span><\/p>\n<p style=\"padding-left: 30px; text-align: left;\"><span style=\"font-family: arial,helvetica,sans-serif;\">8. Promoure la formaci\u00f3 espec\u00edfica en el camp de la rehabilitaci\u00f3<\/span><\/p>\n<p style=\"padding-left: 30px; text-align: left;\"><span style=\"font-family: arial,helvetica,sans-serif;\">9. Eliminar les barreres de la comunicaci\u00f3:<\/span><\/p>\n<p style=\"padding-left: 60px; text-align: left;\"><span style=\"font-family: arial,helvetica,sans-serif;\">-&gt; Accessibilitat<br \/>\n-&gt; Subtitulaci\u00f3<br \/>\n-&gt; Transcripci\u00f3 en directe<br \/>\n-&gt; Noves tecnologies<\/span><\/p>\n<p style=\"padding-left: 30px; text-align: left;\"><span style=\"font-family: arial,helvetica,sans-serif;\">10. Col\u00b7laborar en projectes que facilitin la integraci\u00f3 real dels sords (implantats o no) a nivell educatiu, cultural, laboral i social.<\/span><\/p>\n<p style=\"text-align: left;\">\n","protected":false},"excerpt":{"rendered":"<p>Qu\u00e8 \u00e9s la Federaci\u00f3 AICE? La Federaci\u00f3 AICE \u00e9s la Federaci\u00f3 d&#8217;Associaci\u00f3 d\u2019Usuaris de l\u2019Implant Coclear en Espanya. Els seus objectius principals s\u00f3n la divulgaci\u00f3 ver\u00eddica de la informaci\u00f3 sobre l\u2019I.C. en tots els aspectes i la defensa dels interessos dels propis implantats. T\u00e9 la seva seu social a Barcelona [&hellip;]<\/p>\n","protected":false},"author":1,"featured_media":0,"parent":0,"menu_order":0,"comment_status":"open","ping_status":"open","template":"","meta":{"footnotes":""},"_links":{"self":[{"href":"https:\/\/www.implantcoclear.cat\/index.php?rest_route=\/wp\/v2\/pages\/12"}],"collection":[{"href":"https:\/\/www.implantcoclear.cat\/index.php?rest_route=\/wp\/v2\/pages"}],"about":[{"href":"https:\/\/www.implantcoclear.cat\/index.php?rest_route=\/wp\/v2\/types\/page"}],"author":[{"embeddable":true,"href":"https:\/\/www.implantcoclear.cat\/index.php?rest_route=\/wp\/v2\/users\/1"}],"replies":[{"embeddable":true,"href":"https:\/\/www.implantcoclear.cat\/index.php?rest_route=%2Fwp%2Fv2%2Fcomments&post=12"}],"version-history":[{"count":29,"href":"https:\/\/www.implantcoclear.cat\/index.php?rest_route=\/wp\/v2\/pages\/12\/revisions"}],"predecessor-version":[{"id":2468,"href":"https:\/\/www.implantcoclear.cat\/index.php?rest_route=\/wp\/v2\/pages\/12\/revisions\/2468"}],"wp:attachment":[{"href":"https:\/\/www.implantcoclear.cat\/index.php?rest_route=%2Fwp%2Fv2%2Fmedia&parent=12"}],"curies":[{"name":"wp","href":"https:\/\/api.w.org\/{rel}","templated":true}]}}