{"id":1840,"date":"2022-11-08T15:08:53","date_gmt":"2022-11-08T15:08:53","guid":{"rendered":"http:\/\/www.implantcoclear.cat\/?page_id=1840"},"modified":"2023-09-06T08:54:03","modified_gmt":"2023-09-06T07:54:03","slug":"horari","status":"publish","type":"page","link":"https:\/\/www.implantcoclear.cat\/?page_id=1840","title":{"rendered":"Horari"},"content":{"rendered":"<p>Horari d&#8217;atenci\u00f3 al p\u00fablic<\/p>\n<p>De dilluns a dijous de 09.00 a 13:00 hores y de 15:00 a 17:00<br \/>\nDivendres de 09.00 a 13.00 hores.<\/p>\n<p>Per a atenci\u00f3 presencial heu de sol\u00b7licitar cita pr\u00e8via, podeu fer-ho<br \/>\nen el tel\u00e8fon\u00a0<strong>93.331.74.75<\/strong>\u00a0o en el correu electr\u00f2nic:\u00a0<a href=\"mailto:aice@implantecoclear.org\" target=\"_blank\">aice@implantecoclear.org<\/a><\/p>\n","protected":false},"excerpt":{"rendered":"<p>Horari d&#8217;atenci\u00f3 al p\u00fablic De dilluns a dijous de 09.00 a 13:00 hores y de 15:00 a 17:00 Divendres de 09.00 a 13.00 hores. Per a atenci\u00f3 presencial heu de sol\u00b7licitar cita pr\u00e8via, podeu fer-ho en el tel\u00e8fon\u00a093.331.74.75\u00a0o en el correu electr\u00f2nic:\u00a0aice@implantecoclear.org<\/p>\n","protected":false},"author":1,"featured_media":0,"parent":0,"menu_order":0,"comment_status":"closed","ping_status":"open","template":"","meta":{"footnotes":""},"_links":{"self":[{"href":"https:\/\/www.implantcoclear.cat\/index.php?rest_route=\/wp\/v2\/pages\/1840"}],"collection":[{"href":"https:\/\/www.implantcoclear.cat\/index.php?rest_route=\/wp\/v2\/pages"}],"about":[{"href":"https:\/\/www.implantcoclear.cat\/index.php?rest_route=\/wp\/v2\/types\/page"}],"author":[{"embeddable":true,"href":"https:\/\/www.implantcoclear.cat\/index.php?rest_route=\/wp\/v2\/users\/1"}],"replies":[{"embeddable":true,"href":"https:\/\/www.implantcoclear.cat\/index.php?rest_route=%2Fwp%2Fv2%2Fcomments&post=1840"}],"version-history":[{"count":3,"href":"https:\/\/www.implantcoclear.cat\/index.php?rest_route=\/wp\/v2\/pages\/1840\/revisions"}],"predecessor-version":[{"id":2232,"href":"https:\/\/www.implantcoclear.cat\/index.php?rest_route=\/wp\/v2\/pages\/1840\/revisions\/2232"}],"wp:attachment":[{"href":"https:\/\/www.implantcoclear.cat\/index.php?rest_route=%2Fwp%2Fv2%2Fmedia&parent=1840"}],"curies":[{"name":"wp","href":"https:\/\/api.w.org\/{rel}","templated":true}]}}