{"id":256,"date":"2014-04-14T11:03:50","date_gmt":"2014-04-14T11:03:50","guid":{"rendered":"http:\/\/www.implantcoclear.cat\/blog\/?page_id=256"},"modified":"2023-03-23T13:21:19","modified_gmt":"2023-03-23T13:21:19","slug":"cinemes-en-v-o-s","status":"publish","type":"page","link":"https:\/\/www.implantcoclear.cat\/?page_id=256","title":{"rendered":"Cinemes en V.O.S."},"content":{"rendered":"<p><span style=\"font-family: arial,helvetica,sans-serif;\"><b><span style=\"text-decoration: underline;\">BARCELONA<\/span><\/b><\/span><\/p>\n<p><span style=\"font-family: arial,helvetica,sans-serif;\"><b>YELMO CINES IC\u00c0RIA<\/b><\/span><br \/>\n<span style=\"font-family: arial,helvetica,sans-serif;\"> C\/ Salvador Espriu, n\u00ba 61<\/span><br \/>\n<span style=\"font-family: arial,helvetica,sans-serif;\">C.C El Centre de la Vila \u2013 Port Ol\u00edmpic<\/span><br \/>\n<span style=\"font-family: arial,helvetica,sans-serif;\"> 08005 Barcelona<\/span><br \/>\n<span style=\"font-family: arial,helvetica,sans-serif;\"> Tel\u00e8fon: 932.217.585 i 902.220.922<\/span><br \/>\n<span style=\"font-family: arial,helvetica,sans-serif;\"> Fax: 932.250.464<\/span><br \/>\n<span style=\"font-family: arial,helvetica,sans-serif;\"> Web: <a href=\"http:\/\/www.yelmocines.es\" target=\"_blank\">www.yelmocines.es<\/a><\/span><br \/>\n<span style=\"font-family: arial,helvetica,sans-serif;\"> Acc\u00e9s:<br \/>\n<\/span>Autobusos:\u00a0 l\u00ednies 136, 59, V27, H16, V23<br \/>\nMetro: L\u00ednea 4\u00a0 Ciutadella Vila Ol\u00edmpica<\/p>\n<p><span style=\"font-family: arial,helvetica,sans-serif;\"><b>CINES VERDI PARK<\/b><\/span><br \/>\n<span style=\"font-family: arial,helvetica,sans-serif;\"> C\/ Torrijos, n\u00ba 49<\/span><br \/>\n<span style=\"font-family: arial,helvetica,sans-serif;\"> 08012 Barcelona<\/span><br \/>\n<span style=\"font-family: arial,helvetica,sans-serif;\"> Districte Gr\u00e0cia<\/span><br \/>\n<span style=\"font-family: arial,helvetica,sans-serif;\"> Tel\u00e8fon: 932.387.990<\/span><br \/>\n<span style=\"font-family: arial,helvetica,sans-serif;\"> Web: <a href=\"http:\/\/www.cines-verdi.com\/\" target=\"_blank\">www.cines-verdi.com<\/a><\/span><br \/>\n<span style=\"font-family: arial,helvetica,sans-serif;\"> Acc\u00e9s:<br \/>\nAutobusos: l\u00ednies 114, 39, 7, 33, 34, H8, V15.<br \/>\nMetro: L3 (Fontana) L4 (Joanic)<\/span><\/p>\n<p><span style=\"font-family: arial,helvetica,sans-serif;\"><b>CINE RENOIR FLORIDABLANCA<\/b><\/span><br \/>\n<span style=\"font-family: arial,helvetica,sans-serif;\"> C\/ Floridablanca, n\u00ba 135<\/span><br \/>\n<span style=\"font-family: arial,helvetica,sans-serif;\"> 08011 Barcelona<\/span><br \/>\n<span style=\"font-family: arial,helvetica,sans-serif;\"> Districte L\u2019Eixample<\/span><br \/>\n<span style=\"font-family: arial,helvetica,sans-serif;\"> Tel\u00e8fon: 934.263.337<\/span><br \/>\n<span style=\"font-family: arial,helvetica,sans-serif;\"> Web: <a href=\"http:\/\/www.cinesrenoir.com\/\" target=\"_blank\">www.cinesrenoir.com<\/a><\/span><br \/>\n<span style=\"font-family: arial,helvetica,sans-serif;\"> Acc\u00e9s:<br \/>\nAutobusos: l\u00ednies V11, 55, H16, D50, 120, 141<br \/>\nMetro: L1 (Urgel) L2 (Sant Antoni) L1, L2 (Universitat)<\/span><\/p>\n<p><b>CINEMES GIRONA \u2013 Subtitula en lengua catalana<br \/>\n<\/b>C\/ Girona, n\u00ba 173-175<br \/>\n<span style=\"font-family: arial, helvetica, sans-serif;\">08025 Barcelona<br \/>\n<\/span><span style=\"font-family: arial, helvetica, sans-serif;\">Tel\u00e8fon: 931.184.531<br \/>\nWeb: <a href=\"https:\/\/www.cinemesgirona.cat\">www.cinemesgirona.cat<\/a><br \/>\nE-mail: info@cinemesgirona.cat<br \/>\n<\/span><span style=\"font-family: arial, helvetica, sans-serif;\">Acc\u00e9s:<br \/>\n<\/span>Autobusos: l\u00ednies\u00a0H8, 6, 33, 34, 39, 47<br \/>\nMetro: L3 (Diagonal) L4, L5 (Verdaguer)<\/p>\n<p><span style=\"font-family: arial,helvetica,sans-serif;\"><b>CINE MALD\u00c0 ARTS FORUM<br \/>\n<\/b>C\/ P\u00ed, n\u00ba 5<\/span><br \/>\n<span style=\"font-family: arial,helvetica,sans-serif;\"> 08002 Barcelona<\/span><br \/>\n<span style=\"font-family: arial,helvetica,sans-serif;\"> Tel\u00e8fon: 933.019.350<\/span><br \/>\n<span style=\"font-family: arial,helvetica,sans-serif;\"> Web: <a href=\"http:\/\/www.cinemamalda.com\" target=\"_blank\">www.cinemamalda.com<br \/>\n<\/a><\/span>Acc\u00e9s:<br \/>\nAutobusos: l\u00ednies 59, N9, V13<br \/>\nMetro: L3 (Liceu)<\/p>\n<p><span style=\"font-family: arial,helvetica,sans-serif;\"><b>CINEMAS BALMES MULTICINES<br \/>\n<\/b>C\/ Balmes, n\u00ba 422<\/span><br \/>\n<span style=\"font-family: arial,helvetica,sans-serif;\"> 08022 Barcelona<\/span><br \/>\n<span style=\"font-family: arial,helvetica,sans-serif;\"> Districte: Sarri\u00e0-Sant Gervasi: Sant Gervasi<\/span><br \/>\n<span style=\"font-family: arial,helvetica,sans-serif;\"> Tel\u00e8fon: 902.510.500<br \/>\nAcc\u00e9s:<br \/>\n<\/span>Autobusos: l\u00ednies 131, N5, V15<br \/>\n<span style=\"font-family: arial,helvetica,sans-serif;\"> Metro: L7 (El Putxet)<\/span><\/p>\n<p><span style=\"font-family: arial,helvetica,sans-serif;\"><b>CINE BOLICHE<br \/>\n<\/b>Avinguda de Diagonal, n\u00ba 508<\/span><br \/>\n<span style=\"font-family: arial,helvetica,sans-serif;\"> 08006 Barcelona<\/span><br \/>\n<span style=\"font-family: arial,helvetica,sans-serif;\"> Districte: Sarri\u00e0-Sant Gervasi: Sarri\u00e0<\/span><br \/>\n<span style=\"font-family: arial,helvetica,sans-serif;\"> Tel\u00e8fon: 932.181.788<\/span><br \/>\n<span style=\"font-family: arial,helvetica,sans-serif;\"> Fax: 932.181.769<\/span><br \/>\n<span style=\"font-family: arial,helvetica,sans-serif;\"> Acc\u00e9s:<br \/>\nAutobusos 6, 7, 33, 34, H8, V15<br \/>\n<\/span>Metro L3 i L5 (Diagonal)<\/p>\n<p><span style=\"font-family: arial,helvetica,sans-serif;\"><b><span style=\"text-decoration: underline;\">TARRAGONA<\/span><\/b><\/span><\/p>\n<p><span style=\"font-family: arial,helvetica,sans-serif;\"><b>OCINE LES GAVARRES<\/b><\/span><br \/>\n<span style=\"font-family: arial,helvetica,sans-serif;\">C.C Les Gavarres. Autov\u00eda de Tarragona a Reus<\/span><br \/>\n<span style=\"font-family: arial,helvetica,sans-serif;\"> 43006 Tarragona<\/span><br \/>\n<span style=\"font-family: arial,helvetica,sans-serif;\"> Tel\u00e8fon: 977.552.495<\/span><\/p>\n<p><span style=\"font-family: arial,helvetica,sans-serif;\"><b style=\"text-decoration: underline;\"><span style=\"text-decoration: underline;\">GIRONA<\/span><\/b><b>\u00a0\u00a0\u00a0\u00a0\u00a0\u00a0 <\/b><\/span><\/p>\n<p><span style=\"font-family: arial,helvetica,sans-serif;\"><b>CINEMA TRUFFAUT<\/b><\/span><br \/>\n<span style=\"font-family: arial,helvetica,sans-serif;\"> C\/ Portal Nou, n\u00ba 7<\/span><br \/>\n<span style=\"font-family: arial,helvetica,sans-serif;\"> 17004 Girona<\/span><br \/>\n<span style=\"font-family: arial,helvetica,sans-serif;\"> Tel\u00e8fon: 972.225.044<br \/>\nE-mail:\u00a0<\/span>info@cinematruffaut.com<br \/>\nDistricte: Centre \u2013 Barri Vell<\/p>\n<p><span style=\"font-family: arial,helvetica,sans-serif;\">\u00a0<\/span><\/p>\n<p><span style=\"font-family: arial,helvetica,sans-serif;\">\u00a0<\/span><\/p>\n","protected":false},"excerpt":{"rendered":"<p>BARCELONA YELMO CINES IC\u00c0RIA C\/ Salvador Espriu, n\u00ba 61 C.C El Centre de la Vila \u2013 Port Ol\u00edmpic 08005 Barcelona Tel\u00e8fon: 932.217.585 i 902.220.922 Fax: 932.250.464 Web: www.yelmocines.es Acc\u00e9s: Autobusos:\u00a0 l\u00ednies 136, 59, V27, H16, V23 Metro: L\u00ednea 4\u00a0 Ciutadella Vila Ol\u00edmpica CINES VERDI PARK C\/ Torrijos, n\u00ba 49 08012 [&hellip;]<\/p>\n","protected":false},"author":1,"featured_media":0,"parent":42,"menu_order":0,"comment_status":"closed","ping_status":"open","template":"","meta":{"footnotes":""},"_links":{"self":[{"href":"https:\/\/www.implantcoclear.cat\/index.php?rest_route=\/wp\/v2\/pages\/256"}],"collection":[{"href":"https:\/\/www.implantcoclear.cat\/index.php?rest_route=\/wp\/v2\/pages"}],"about":[{"href":"https:\/\/www.implantcoclear.cat\/index.php?rest_route=\/wp\/v2\/types\/page"}],"author":[{"embeddable":true,"href":"https:\/\/www.implantcoclear.cat\/index.php?rest_route=\/wp\/v2\/users\/1"}],"replies":[{"embeddable":true,"href":"https:\/\/www.implantcoclear.cat\/index.php?rest_route=%2Fwp%2Fv2%2Fcomments&post=256"}],"version-history":[{"count":8,"href":"https:\/\/www.implantcoclear.cat\/index.php?rest_route=\/wp\/v2\/pages\/256\/revisions"}],"predecessor-version":[{"id":2015,"href":"https:\/\/www.implantcoclear.cat\/index.php?rest_route=\/wp\/v2\/pages\/256\/revisions\/2015"}],"up":[{"embeddable":true,"href":"https:\/\/www.implantcoclear.cat\/index.php?rest_route=\/wp\/v2\/pages\/42"}],"wp:attachment":[{"href":"https:\/\/www.implantcoclear.cat\/index.php?rest_route=%2Fwp%2Fv2%2Fmedia&parent=256"}],"curies":[{"name":"wp","href":"https:\/\/api.w.org\/{rel}","templated":true}]}}