{"id":42,"date":"2014-03-27T14:21:42","date_gmt":"2014-03-27T14:21:42","guid":{"rendered":"http:\/\/www.implantcoclear.cat\/blog\/?page_id=42"},"modified":"2018-07-17T13:15:17","modified_gmt":"2018-07-17T13:15:17","slug":"accessibilitat","status":"publish","type":"page","link":"https:\/\/www.implantcoclear.cat\/?page_id=42","title":{"rendered":"Accessibilitat"},"content":{"rendered":"<p style=\"text-align: center;\"><a href=\"http:\/\/www.implantcoclear.cat\/docs\/resum_llei_accessibilitat.pdf\" target=\"_blank\"><img loading=\"lazy\" decoding=\"async\" class=\" size-medium wp-image-1058 aligncenter\" src=\"http:\/\/www.implantcoclear.cat\/wp-content\/uploads\/2014\/03\/llei-accessibilitat-300x224.jpg\" alt=\"llei-accessibilitat\" width=\"300\" height=\"224\" srcset=\"https:\/\/www.implantcoclear.cat\/wp-content\/uploads\/2014\/03\/llei-accessibilitat.jpg 300w, https:\/\/www.implantcoclear.cat\/wp-content\/uploads\/2014\/03\/llei-accessibilitat-74x55.jpg 74w\" sizes=\"(max-width: 300px) 100vw, 300px\" \/>Resum llei accessibilitat a Catalunya &#8211; Per verute totes les diapositives, clicar aqu\u00ed<\/a><\/p>\n<p><span style=\"font-family: arial,helvetica,sans-serif;\">Quan parlem d&#8217;accessibilitat per a les persones amb discapacitat auditiva, parlem d&#8217;accessibilitat a la informaci\u00f3 i a la comunicaci\u00f3, i per millorar-la, de t\u00e8cniques i recursos per a sortejar les barreres que es troben aquest col\u00b7lectiu en aquest \u00e0mbit; unes barreres que no podem oblidar que s\u00f3n en aparen\u00e7a, la gran majoria de vegades, ben invisibles als ulls de les persones sense discapacitat auditiva.<br \/>\n<\/span><\/p>\n<p><span style=\"font-family: arial,helvetica,sans-serif;\"><strong>La Federaci\u00f3 AICE<\/strong><strong>, que representa el col\u00b7lectiu de les persones sordes oralistes amb o sense ajudes t\u00e8cniques, orienta els seus esfor\u00e7os en gran mesura, per la inclusi\u00f3 de complements textuals als missatges verbals, com poden ser subt\u00edtols o sobretitulaci\u00f3, o b\u00e9 complements visuals, per a fer accessible la informaci\u00f3 auditiva.<\/strong><\/span><\/p>\n<p style=\"text-align: center;\"><img loading=\"lazy\" decoding=\"async\" class=\"aligncenter size-medium wp-image-418\" src=\"http:\/\/www.implantcoclear.cat\/wp-content\/uploads\/2014\/03\/prego-accessible_web-300x200.jpg\" alt=\"prego accessible_web\" width=\"300\" height=\"200\" srcset=\"https:\/\/www.implantcoclear.cat\/wp-content\/uploads\/2014\/03\/prego-accessible_web-300x200.jpg 300w, https:\/\/www.implantcoclear.cat\/wp-content\/uploads\/2014\/03\/prego-accessible_web-82x55.jpg 82w, https:\/\/www.implantcoclear.cat\/wp-content\/uploads\/2014\/03\/prego-accessible_web-75x50.jpg 75w, https:\/\/www.implantcoclear.cat\/wp-content\/uploads\/2014\/03\/prego-accessible_web.jpg 348w\" sizes=\"(max-width: 300px) 100vw, 300px\" \/><\/p>\n<p><span style=\"font-family: arial,helvetica,sans-serif;\">\u00a0<strong>Barreres d&#8217;accessibilitat per a les persones amb discapacitat auditiva<\/strong><\/span><\/p>\n<p><span style=\"font-family: arial,helvetica,sans-serif;\">Les barreres que poden trobar les persones amb discapacitat auditiva en el dia a dia s\u00f3n moltes i variades, m\u00e9s avall enumerem diferents entorns on podem trobar-ne i que fan dif\u00edcil o impossible el seguiment de la informaci\u00f3 i la comunicaci\u00f3, i aix\u00ed la possibilitat de dur i desenvolupar la vida amb autonomia i en igualtat de condicions i drets.<\/span><\/p>\n<ul>\n<li><span style=\"font-family: arial,helvetica,sans-serif;\"><strong>Transport i serveis p\u00fablics<\/strong><\/span><\/li>\n<li><span style=\"font-family: arial,helvetica,sans-serif;\"><strong>Serveis m\u00e8dics i assistencials<\/strong><\/span><\/li>\n<li><span style=\"font-family: arial,helvetica,sans-serif;\"><strong>Recintes escolars i material educatiu<\/strong><\/span><\/li>\n<li><span style=\"font-family: arial,helvetica,sans-serif;\"><strong>Edificis i locals p\u00fablics<\/strong><\/span><\/li>\n<li><span style=\"font-family: arial,helvetica,sans-serif;\"><strong>Habitage i edificis privats<\/strong><\/span><\/li>\n<li><span style=\"font-family: arial,helvetica,sans-serif;\"><strong>Centres de cultura i oci<\/strong><\/span><\/li>\n<li><span style=\"font-family: arial,helvetica,sans-serif;\"><strong>P\u00e0gines web i mitjans audiovisuals<\/strong><\/span><\/li>\n<\/ul>\n<p><span style=\"font-family: arial,helvetica,sans-serif;\">\u00a0La llista \u00e9s amplia per\u00f2 tamb\u00e9 \u00e9s llarga la llista de recursos, la gram majoria d\u2019ells afortunadament assequibles, dels que disposem actualment per a poder sortejar les diferents barreres per afavorir l&#8217;acc\u00e9s a la informaci\u00f3 i la comunicaci\u00f3.<\/span><\/p>\n<p><span style=\"font-family: arial,helvetica,sans-serif;\">\u00a0<em>El coneixement aix\u00ed com l\u2019\u00fas d&#8217;una llengua afavoreixen i possibiliten no nom\u00e9s l&#8217;acc\u00e9s i la transmissi\u00f3 del coneixement i de la informaci\u00f3 sin\u00f3 que\u00a0 a m\u00e9s \u00e9s el canal b\u00e0sic de vertebraci\u00f3 de les relacions individuals i socials, tal i com es reconeix i es recull\u00a0 a la llei 27\/2007 de 23 d\u2019octubre<\/em><\/span><\/p>\n<p style=\"text-align: center;\"><span style=\"font-family: arial,helvetica,sans-serif;\"><img loading=\"lazy\" decoding=\"async\" class=\"aligncenter size-medium wp-image-415\" src=\"http:\/\/www.implantcoclear.cat\/wp-content\/uploads\/2014\/03\/accesibilidad-info-300x199.jpg\" alt=\"accesibilidad info\" width=\"300\" height=\"199\" srcset=\"https:\/\/www.implantcoclear.cat\/wp-content\/uploads\/2014\/03\/accesibilidad-info-300x199.jpg 300w, https:\/\/www.implantcoclear.cat\/wp-content\/uploads\/2014\/03\/accesibilidad-info-82x55.jpg 82w, https:\/\/www.implantcoclear.cat\/wp-content\/uploads\/2014\/03\/accesibilidad-info-75x50.jpg 75w, https:\/\/www.implantcoclear.cat\/wp-content\/uploads\/2014\/03\/accesibilidad-info.jpg 375w\" sizes=\"(max-width: 300px) 100vw, 300px\" \/><br \/>\n<\/span><\/p>\n<p><center><\/center><span style=\"font-family: arial,helvetica,sans-serif;\">\u00a0Un exemple ben clar de l\u2019inter\u00e8s i l&#8217;esfor\u00e7 per a les millores d\u2019accessibilitat \u00e9s l&#8217;obligatorietat de l&#8217;emissi\u00f3 dels programes de televisi\u00f3 amb subt\u00edtols, sobreimpressionats a les imatges, per permetre el seguiment del mateix per les persones amb dificultats en l\u2019audici\u00f3.<\/span><\/p>\n<p><span style=\"font-family: arial,helvetica,sans-serif;\">Per\u00f2 en aquesta l\u00ednia s\u00f3n molts els recursos i les ajudes t\u00e8cniques que tenim actualment al nostre abast, com ara veurem.<\/span><\/p>\n<p><span style=\"font-family: arial,helvetica,sans-serif;\"><strong>Recursos i ajudes t\u00e8cniques per l&#8217;accessibilitat <\/strong><strong>a la informaci\u00f3 i la comunicaci\u00f3<\/strong><br \/>\n<\/span><\/p>\n<ul>\n<li><span style=\"font-family: arial,helvetica,sans-serif;\"><strong>Subtitulaci\u00f3<\/strong> (televisi\u00f3, v\u00eddeos, pantalles de cinema)<\/span><\/li>\n<\/ul>\n<ul>\n<li><span style=\"font-family: arial,helvetica,sans-serif;\"><strong>Pantalles amb subtitulaci\u00f3 o sobretitulaci\u00f3<\/strong>, segons sales (teatres, recitals de m\u00fasica, congressos)<\/span><\/li>\n<\/ul>\n<ul>\n<li><span style=\"font-family: arial,helvetica,sans-serif;\"><strong>Pantalles informatives<\/strong> (transports, hospitals i centres de salut, )<\/span><\/li>\n<li><span style=\"font-family: arial,helvetica,sans-serif;\"><strong>Videogu\u00eda <\/strong>(museus, f\u00f2rums)<\/span><\/li>\n<\/ul>\n<ul>\n<li><span style=\"font-family: arial,helvetica,sans-serif;\"><strong>Anella<\/strong><strong> magn\u00e8tica i amplifi<\/strong><strong>c<\/strong><strong>ador magn\u00e8tic port\u00e0til <\/strong>(taxi, bus, taquilles de venda i informaci\u00f3, sales de congressos, sales de cinema, esgl\u00e9sies, visites tur\u00edstiques)<\/span><\/li>\n<\/ul>\n<table style=\"width: 622px; height: 253px;\" border=\"0\">\n<tbody>\n<tr>\n<td><img loading=\"lazy\" decoding=\"async\" class=\"aligncenter size-full wp-image-416\" src=\"http:\/\/www.implantcoclear.cat\/wp-content\/uploads\/2014\/03\/bus-turistico_web.jpg\" alt=\"bus turistico_web\" width=\"292\" height=\"216\" srcset=\"https:\/\/www.implantcoclear.cat\/wp-content\/uploads\/2014\/03\/bus-turistico_web.jpg 292w, https:\/\/www.implantcoclear.cat\/wp-content\/uploads\/2014\/03\/bus-turistico_web-74x55.jpg 74w\" sizes=\"(max-width: 292px) 100vw, 292px\" \/><\/td>\n<td><img loading=\"lazy\" decoding=\"async\" class=\"aligncenter  wp-image-417\" src=\"http:\/\/www.implantcoclear.cat\/wp-content\/uploads\/2014\/03\/metro-bucle-300x273.jpg\" alt=\"metro bucle\" width=\"222\" height=\"201\" srcset=\"https:\/\/www.implantcoclear.cat\/wp-content\/uploads\/2014\/03\/metro-bucle-300x273.jpg 300w, https:\/\/www.implantcoclear.cat\/wp-content\/uploads\/2014\/03\/metro-bucle-60x55.jpg 60w, https:\/\/www.implantcoclear.cat\/wp-content\/uploads\/2014\/03\/metro-bucle.jpg 415w\" sizes=\"(max-width: 222px) 100vw, 222px\" \/><\/td>\n<\/tr>\n<\/tbody>\n<\/table>\n<ul>\n<li><span style=\"font-family: arial,helvetica,sans-serif;\"><strong>SMS, internet en el m\u00f2bil i tel\u00e8fons amb pantalla<\/strong> (comunicaci\u00f3 privada, sol\u00b7licitud de serveis com taxi, acc\u00e9s a informaci\u00f3 b\u00e0sica)<\/span><\/li>\n<li><span style=\"font-family: arial,helvetica,sans-serif;\"><strong>Tele<\/strong><strong>assist\u00e8ncia <\/strong>(acc\u00e9s a serveis d&#8217;urg\u00e8ncies m\u00e8diques i assistencials)<\/span><\/li>\n<li><span style=\"font-family: arial,helvetica,sans-serif;\"><strong>Senyalitzaci\u00f3 dels arcs de seguretat<\/strong>, per a les persones amb implant coclear (aeroports, edificis amb alta seguretat)<\/span><\/li>\n<\/ul>\n<table border=\"0\">\n<tbody>\n<tr>\n<td><span style=\"font-family: arial,helvetica,sans-serif;\"> <img loading=\"lazy\" decoding=\"async\" class=\"aligncenter size-full wp-image-414\" src=\"http:\/\/www.implantcoclear.cat\/wp-content\/uploads\/2014\/03\/web_senyal-ic.jpg\" alt=\"web_senyal ic\" width=\"459\" height=\"124\" srcset=\"https:\/\/www.implantcoclear.cat\/wp-content\/uploads\/2014\/03\/web_senyal-ic.jpg 459w, https:\/\/www.implantcoclear.cat\/wp-content\/uploads\/2014\/03\/web_senyal-ic-300x81.jpg 300w, https:\/\/www.implantcoclear.cat\/wp-content\/uploads\/2014\/03\/web_senyal-ic-203x55.jpg 203w\" sizes=\"(max-width: 459px) 100vw, 459px\" \/><\/span><\/td>\n<td><span style=\"font-family: arial,helvetica,sans-serif;\"><img loading=\"lazy\" decoding=\"async\" class=\"aligncenter  wp-image-419\" src=\"http:\/\/www.implantcoclear.cat\/wp-content\/uploads\/2014\/03\/web_logo-prohibicion-IC.jpg\" alt=\"web_logo prohibicion IC\" width=\"135\" height=\"135\" srcset=\"https:\/\/www.implantcoclear.cat\/wp-content\/uploads\/2014\/03\/web_logo-prohibicion-IC.jpg 135w, https:\/\/www.implantcoclear.cat\/wp-content\/uploads\/2014\/03\/web_logo-prohibicion-IC-55x55.jpg 55w\" sizes=\"(max-width: 135px) 100vw, 135px\" \/><\/span><\/td>\n<\/tr>\n<\/tbody>\n<\/table>\n<ul>\n<li><span style=\"font-family: arial,helvetica,sans-serif;\"><strong>Alarmes no sonores<\/strong>, com les lum\u00edniques, per vibraci\u00f3, per infrarojos o per espurnes (hotels, despertadors, tel\u00e8fons, espais tancats, ambul\u00e0ncies)<\/span><\/li>\n<\/ul>\n<ul>\n<li><span style=\"font-family: arial,helvetica,sans-serif;\"><strong>Sistema de Freq\u00fc\u00e8ncia Modulada <\/strong>(recintes escolars, interior de la vivenda)<\/span><\/li>\n<\/ul>\n<ul>\n<li><span style=\"font-family: arial,helvetica,sans-serif;\"><strong>Videoporters<\/strong> (acc\u00e9s a edificis p\u00fablics i privats)<\/span><\/li>\n<\/ul>\n<ul>\n<li><span style=\"font-family: arial,helvetica,sans-serif;\"><strong>Ascensors amb parets transparents<\/strong><\/span><\/li>\n<\/ul>\n<p><span style=\"font-family: arial,helvetica,sans-serif;\">\u00a0En aquests moments, poden afirmar doncs que eliminar les barreres cap a la informaci\u00f3 i la comunicaci\u00f3, i aconseguir un accessibilitat plena per a les persones amb discapacitat auditiva m\u00e9s que un problema de mitjans t\u00e8cnics, \u00e9s una q\u00fcesti\u00f3 de sensibilitat.<\/span><\/p>\n","protected":false},"excerpt":{"rendered":"<p>Resum llei accessibilitat a Catalunya &#8211; Per verute totes les diapositives, clicar aqu\u00ed Quan parlem d&#8217;accessibilitat per a les persones amb discapacitat auditiva, parlem d&#8217;accessibilitat a la informaci\u00f3 i a la comunicaci\u00f3, i per millorar-la, de t\u00e8cniques i recursos per a sortejar les barreres que es troben aquest col\u00b7lectiu en [&hellip;]<\/p>\n","protected":false},"author":1,"featured_media":0,"parent":0,"menu_order":0,"comment_status":"closed","ping_status":"open","template":"","meta":{"footnotes":""},"_links":{"self":[{"href":"https:\/\/www.implantcoclear.cat\/index.php?rest_route=\/wp\/v2\/pages\/42"}],"collection":[{"href":"https:\/\/www.implantcoclear.cat\/index.php?rest_route=\/wp\/v2\/pages"}],"about":[{"href":"https:\/\/www.implantcoclear.cat\/index.php?rest_route=\/wp\/v2\/types\/page"}],"author":[{"embeddable":true,"href":"https:\/\/www.implantcoclear.cat\/index.php?rest_route=\/wp\/v2\/users\/1"}],"replies":[{"embeddable":true,"href":"https:\/\/www.implantcoclear.cat\/index.php?rest_route=%2Fwp%2Fv2%2Fcomments&post=42"}],"version-history":[{"count":14,"href":"https:\/\/www.implantcoclear.cat\/index.php?rest_route=\/wp\/v2\/pages\/42\/revisions"}],"predecessor-version":[{"id":2351,"href":"https:\/\/www.implantcoclear.cat\/index.php?rest_route=\/wp\/v2\/pages\/42\/revisions\/2351"}],"wp:attachment":[{"href":"https:\/\/www.implantcoclear.cat\/index.php?rest_route=%2Fwp%2Fv2%2Fmedia&parent=42"}],"curies":[{"name":"wp","href":"https:\/\/api.w.org\/{rel}","templated":true}]}}